{"id":6,"date":"2015-04-25T09:41:12","date_gmt":"2015-04-25T09:41:12","guid":{"rendered":"http:\/\/atelier.swiftideas.com\/selby-demo\/?page_id=6"},"modified":"2023-02-14T14:23:41","modified_gmt":"2023-02-14T13:23:41","slug":"about","status":"publish","type":"page","link":"https:\/\/www.flashline.eu\/index.php\/about\/","title":{"rendered":"About"},"content":{"rendered":"<p>[spb_row element_name=&#8220;Row&#8220; wrap_type=&#8220;content-width&#8220; row_bg_type=&#8220;color&#8220; row_bg_color=&#8220;#ffffff&#8220; bg_type=&#8220;cover&#8220; parallax_image_height=&#8220;content-height&#8220; parallax_image_movement=&#8220;fixed&#8220; parallax_image_speed=&#8220;0.5&#8243; bg_video_loop=&#8220;yes&#8220; parallax_video_height=&#8220;window-height&#8220; parallax_video_overlay=&#8220;none&#8220; row_overlay_opacity=&#8220;0&#8243; remove_element_spacing=&#8220;no&#8220; row_col_pos=&#8220;default&#8220; width=&#8220;1\/1&#8243; el_position=&#8220;first last&#8220;] [spb_blank_spacer height=&#8220;60px&#8220; width=&#8220;1\/1&#8243; el_position=&#8220;first last&#8220;] [spb_text_block animation=&#8220;zoomIn&#8220; animation_delay=&#8220;200&#8243; simplified_controls=&#8220;yes&#8220; custom_css_percentage=&#8220;no&#8220; padding_vertical=&#8220;6&#8243; padding_horizontal=&#8220;0&#8243; margin_vertical=&#8220;0&#8243; custom_css=&#8220;margin-top: 0px;margin-bottom: 0px;padding-top: 6px;padding-bottom: 6px;&#8220; border_size=&#8220;0&#8243; border_styling_global=&#8220;default&#8220; el_class=&#8220;pb0&#8243; width=&#8220;1\/2&#8243; el_position=&#8220;first&#8220;]<\/p>\n<p class=\"impact-text-large\">Wir sind Triple X .<br \/>\nDein Climbing &amp; Klettergriff Ausstatter.<\/p>\n<p>[\/spb_text_block] [spb_text_block title=&#8220;Unsere Mission&#8220; animation=&#8220;none&#8220; animation_delay=&#8220;200&#8243; simplified_controls=&#8220;yes&#8220; custom_css_percentage=&#8220;no&#8220; padding_vertical=&#8220;17&#8243; padding_horizontal=&#8220;0&#8243; margin_vertical=&#8220;0&#8243; custom_css=&#8220;margin-top: 0px;margin-bottom: 0px;padding-top: 17px;padding-bottom: 17px;&#8220; border_size=&#8220;0&#8243; border_styling_global=&#8220;default&#8220; el_class=&#8220;pb0&#8243; width=&#8220;1\/2&#8243; el_position=&#8220;last&#8220;]<\/p>\n<p>Egal ob bei der <strong>Erstbest\u00fcckung<\/strong> einer neuen <strong>Kletterhalle<\/strong> oder bei der Auswahl <strong>neuer Kletterschuhe<\/strong> f\u00fcr deinen Laden, die <strong>Triple X GmbH<\/strong> ist der richtige Ansprechpartner f\u00fcr dich!<\/p>\n<p>Unser Fokus liegt auf dem Vertrieb von <strong>Kletter<\/strong>&#8211; \/ <strong>Bouldergriffen<\/strong>, <strong>stylischer<\/strong> <strong>Kletter<\/strong>b<strong>ekleidung<\/strong> und <strong>Kletterschuhen<\/strong>. Wenn du neugierig geworden bist, klicke <strong><em><u><a href=\"https:\/\/www.flashline.eu\/index.php\/marken\/\">hier<\/a>,<\/u><\/em><\/strong> um mehr \u00fcber die von uns vertretenen Marken zu erfahren.<\/p>\n<p>[\/spb_text_block] [\/spb_row] [spb_row element_name=&#8220;Row&#8220; wrap_type=&#8220;full-width-contained&#8220; row_bg_type=&#8220;image&#8220; row_bg_color=&#8220;#252525&#8243; color_row_height=&#8220;content-height&#8220; bg_type=&#8220;pattern&#8220; parallax_image_height=&#8220;content-height&#8220; parallax_image_movement=&#8220;scroll&#8220; parallax_image_speed=&#8220;standard&#8220; bg_video_loop=&#8220;yes&#8220; parallax_video_height=&#8220;window-height&#8220; row_top_style=&#8220;slant-ltr&#8220; row_bottom_style=&#8220;none&#8220; parallax_video_overlay=&#8220;none&#8220; row_overlay_opacity=&#8220;0&#8243; remove_element_spacing=&#8220;no&#8220; row_col_spacing=&#8220;0&#8243; row_col_pos=&#8220;default&#8220; row_col_equal_heights=&#8220;no&#8220; row_expanding=&#8220;no&#8220; row_animation=&#8220;none&#8220; row_animation_delay=&#8220;0&#8243; minimize_row=&#8220;no&#8220; simplified_controls=&#8220;yes&#8220; custom_css_percentage=&#8220;no&#8220; custom_css=&#8220;margin-top: 0px;margin-bottom: 0px;&#8220; border_styling_global=&#8220;default&#8220; el_class=&#8220;no-shadow&#8220; width=&#8220;1\/1&#8243; el_position=&#8220;first last&#8220;] [spb_text_block animation=&#8220;none&#8220; animation_delay=&#8220;200&#8243; simplified_controls=&#8220;yes&#8220; custom_css_percentage=&#8220;no&#8220; padding_vertical=&#8220;0&#8243; padding_horizontal=&#8220;0&#8243; margin_vertical=&#8220;0&#8243; custom_css=&#8220;margin-top: 0px;margin-bottom: 0px;&#8220; border_size=&#8220;0&#8243; border_styling_global=&#8220;default&#8220; el_class=&#8220;pb0&#8243; width=&#8220;1\/2&#8243; el_position=&#8220;first last&#8220;]<\/p>\n<p class=\"impact-text-large\"><span style=\"color: #ffffff;\">Unsere Leistungen<\/span><\/p>\n<p>[\/spb_text_block] [spb_blank_spacer height=&#8220;30px&#8220; width=&#8220;1\/1&#8243; el_position=&#8220;first last&#8220;] [spb_icon_box title=&#8220;Kletter- &amp; Bouldergriffe&#8220; box_type=&#8220;left-icon-alt&#8220; box_icon_type=&#8220;icon&#8220; icon=&#8220;fas fa-sign-language&#8220; animate_svg=&#8220;no&#8220; target=&#8220;_self&#8220; animation=&#8220;zoomIn&#8220; animation_delay=&#8220;200&#8243; icon_color=&#8220;#f27f68&#8243; text_color=&#8220;#eeb283&#8243; animated_box_style=&#8220;coloured&#8220; animated_box_rounded=&#8220;yes&#8220; width=&#8220;1\/3&#8243; el_position=&#8220;first&#8220;]<\/p>\n<p>Ihr braucht ein besonderes Highlight f\u00fcr den n\u00e4chsten Boulderwettkampf oder wollt eure Halle neu ausstatten? Dann seid ihr bei uns genau richtig! Mit vielf\u00e4ltigen Griffen von Topmarken helfen wir euch gerne dabei, das Passende zu finden.<\/p>\n<p>[\/spb_icon_box] [spb_icon_box title=&#8220;Bekleidung, Kletterschuhe, Accessoires&#8220; box_type=&#8220;left-icon-alt&#8220; box_icon_type=&#8220;icon&#8220; icon=&#8220;sf-im-t-shirt&#8220; animate_svg=&#8220;no&#8220; target=&#8220;_self&#8220; animation=&#8220;zoomIn&#8220; animation_delay=&#8220;300&#8243; icon_color=&#8220;#f27f68&#8243; text_color=&#8220;#eeb283&#8243; animated_box_style=&#8220;coloured&#8220; animated_box_rounded=&#8220;yes&#8220; width=&#8220;1\/3&#8243;]<\/p>\n<p>Seid ihr auf der Suche nach einem au\u00dfergew\u00f6hnlichen neuen Kletterschuh mit einmaligem Grip oder braucht ihr nachhaltige und modische Bekleidung f\u00fcr euren Shop? Wir unterst\u00fctzen euch gerne, die passenden Styles zu finden.<\/p>\n<p>[\/spb_icon_box] [spb_icon_box title=&#8220;Service&#8220; box_type=&#8220;left-icon-alt&#8220; box_icon_type=&#8220;icon&#8220; icon=&#8220;fas fa-comments&#8220; animate_svg=&#8220;no&#8220; target=&#8220;_self&#8220; animation=&#8220;zoomIn&#8220; animation_delay=&#8220;400&#8243; icon_color=&#8220;#f27f68&#8243; text_color=&#8220;#eeb283&#8243; animated_box_style=&#8220;coloured&#8220; animated_box_rounded=&#8220;yes&#8220; width=&#8220;1\/3&#8243; el_position=&#8220;last&#8220;]<\/p>\n<p>Die Triple X GmbH steht f\u00fcr qualitativ hochwertige Produkte, ausf\u00fchrliche Beratung und einen individuell optimierten Service. Kompetenz und Zuverl\u00e4ssigkeit stehen bei uns im Fokus, weshalb wir eine schnelle und professionelle Verkaufsabwicklung zusichern.<\/p>\n<p>[\/spb_icon_box] [spb_blank_spacer height=&#8220;50px&#8220; width=&#8220;1\/1&#8243; el_position=&#8220;first last&#8220;] [\/spb_row] [spb_row element_name=&#8220;Row&#8220; wrap_type=&#8220;content-width&#8220; row_bg_type=&#8220;color&#8220; row_bg_color=&#8220;#ffffff&#8220; color_row_height=&#8220;content-height&#8220; bg_type=&#8220;cover&#8220; parallax_image_height=&#8220;content-height&#8220; parallax_image_movement=&#8220;fixed&#8220; parallax_image_speed=&#8220;0.5&#8243; bg_video_loop=&#8220;yes&#8220; parallax_video_height=&#8220;window-height&#8220; row_top_style=&#8220;none&#8220; row_bottom_style=&#8220;none&#8220; parallax_video_overlay=&#8220;none&#8220; row_overlay_opacity=&#8220;0&#8243; remove_element_spacing=&#8220;no&#8220; row_col_pos=&#8220;default&#8220; row_expanding=&#8220;no&#8220; row_animation=&#8220;none&#8220; row_animation_delay=&#8220;0&#8243; width=&#8220;1\/1&#8243; el_position=&#8220;first last&#8220;] [\/spb_row] [spb_promo_bar display_type=&#8220;promo-button&#8220; promo_bar_text=&#8220;Du willst uns etwas fragen?&#8220; promo_bar_text_size=&#8220;impact-text-large&#8220; btn_text=&#8220;KONTAKTIERE UNS&#8220; btn_color=&#8220;orange&#8220; btn_type=&#8220;rounded_bordered&#8220; href=&#8220;https:\/\/www.flashline.eu\/index.php\/contact\/&#8220; target=&#8220;_self&#8220; text_color=&#8220;#0a0a0a&#8220; page_align=&#8220;no&#8220; fullwidth=&#8220;yes&#8220; width=&#8220;1\/1&#8243; el_position=&#8220;first last&#8220;]<\/p>\n<p>Enter your text here<\/p>\n<p>[\/spb_promo_bar]<\/p>\n","protected":false},"excerpt":{"rendered":"<p>[spb_row element_name=&#8220;Row&#8220; wrap_type=&#8220;content-width&#8220; row_bg_type=&#8220;color&#8220; row_bg_color=&#8220;#ffffff&#8220; bg_type=&#8220;cover&#8220; parallax_image_height=&#8220;content-height&#8220; parallax_image_movement=&#8220;fixed&#8220; parallax_image_speed=&#8220;0.5&#8243; bg_video_loop=&#8220;yes&#8220; parallax_video_height=&#8220;window-height&#8220; parallax_video_overlay=&#8220;none&#8220; row_overlay_opacity=&#8220;0&#8243; remove_element_spacing=&#8220;no&#8220; row_col_pos=&#8220;default&#8220; width=&#8220;1\/1&#8243; el_position=&#8220;first last&#8220;] [spb_blank_spacer height=&#8220;60px&#8220; width=&#8220;1\/1&#8243; el_position=&#8220;first last&#8220;] [spb_text_block animation=&#8220;zoomIn&#8220; animation_delay=&#8220;200&#8243; simplified_controls=&#8220;yes&#8220; custom_css_percentage=&#8220;no&#8220; padding_vertical=&#8220;6&#8243; padding_horizontal=&#8220;0&#8243; margin_vertical=&#8220;0&#8243; custom_css=&#8220;margin-top: 0px;margin-bottom: 0px;padding-top: 6px;padding-bottom: 6px;&#8220; border_size=&#8220;0&#8243; border_styling_global=&#8220;default&#8220; el_class=&#8220;pb0&#8243; width=&#8220;1\/2&#8243; el_position=&#8220;first&#8220;] Wir sind Triple X . Dein Climbing &amp; Klettergriff Ausstatter. [\/spb_text_block] [spb_text_block title=&#8220;Unsere Mission&#8220; animation=&#8220;none&#8220; animation_delay=&#8220;200&#8243; simplified_controls=&#8220;yes&#8220; custom_css_percentage=&#8220;no&#8220; padding_vertical=&#8220;17&#8243; [&hellip;]<\/p>\n","protected":false},"author":1,"featured_media":0,"parent":0,"menu_order":0,"comment_status":"open","ping_status":"open","template":"","meta":[],"_links":{"self":[{"href":"https:\/\/www.flashline.eu\/index.php\/wp-json\/wp\/v2\/pages\/6"}],"collection":[{"href":"https:\/\/www.flashline.eu\/index.php\/wp-json\/wp\/v2\/pages"}],"about":[{"href":"https:\/\/www.flashline.eu\/index.php\/wp-json\/wp\/v2\/types\/page"}],"author":[{"embeddable":true,"href":"https:\/\/www.flashline.eu\/index.php\/wp-json\/wp\/v2\/users\/1"}],"replies":[{"embeddable":true,"href":"https:\/\/www.flashline.eu\/index.php\/wp-json\/wp\/v2\/comments?post=6"}],"version-history":[{"count":5,"href":"https:\/\/www.flashline.eu\/index.php\/wp-json\/wp\/v2\/pages\/6\/revisions"}],"predecessor-version":[{"id":1476,"href":"https:\/\/www.flashline.eu\/index.php\/wp-json\/wp\/v2\/pages\/6\/revisions\/1476"}],"wp:attachment":[{"href":"https:\/\/www.flashline.eu\/index.php\/wp-json\/wp\/v2\/media?parent=6"}],"curies":[{"name":"wp","href":"https:\/\/api.w.org\/{rel}","templated":true}]}}