{"id":434,"date":"2019-06-17T00:06:58","date_gmt":"2019-06-16T22:06:58","guid":{"rendered":"https:\/\/www.flashline.eu\/?page_id=434"},"modified":"2023-02-14T10:58:55","modified_gmt":"2023-02-14T09:58:55","slug":"bekleidung","status":"publish","type":"page","link":"https:\/\/www.flashline.eu\/index.php\/bekleidung\/","title":{"rendered":"Bekleidung"},"content":{"rendered":"<p>[spb_blank_spacer height=&#8220;30px&#8220; width=&#8220;1\/1&#8243; el_position=&#8220;first last&#8220;] [spb_row element_name=&#8220;Row &#8211; Prana Mobile Ansicht (Bild rechts\/unten)&#8220; wrap_type=&#8220;standard-width&#8220; row_bg_type=&#8220;color&#8220; color_row_height=&#8220;content-height&#8220; bg_type=&#8220;cover&#8220; parallax_image_height=&#8220;content-height&#8220; parallax_image_movement=&#8220;fixed&#8220; parallax_image_speed=&#8220;standard&#8220; bg_video_loop=&#8220;yes&#8220; parallax_video_height=&#8220;window-height&#8220; row_responsive_vis=&#8220;hidden-lg_hidden-md_hidden-sm&#8220; row_top_style=&#8220;none&#8220; row_bottom_style=&#8220;none&#8220; parallax_video_overlay=&#8220;none&#8220; row_overlay_opacity=&#8220;0&#8243; remove_element_spacing=&#8220;no&#8220; row_col_spacing=&#8220;0&#8243; row_col_pos=&#8220;default&#8220; row_col_equal_heights=&#8220;no&#8220; row_expanding=&#8220;no&#8220; row_animation=&#8220;none&#8220; row_animation_delay=&#8220;0&#8243; minimize_row=&#8220;yes&#8220; simplified_controls=&#8220;yes&#8220; custom_css_percentage=&#8220;no&#8220; custom_css=&#8220;margin-top: 0px;margin-bottom: 0px;&#8220; border_styling_global=&#8220;default&#8220; width=&#8220;1\/1&#8243; el_position=&#8220;first last&#8220;] [spb_column col_animation=&#8220;none&#8220; col_animation_delay=&#8220;0&#8243; col_bg_type=&#8220;cover&#8220; col_parallax_image_movement=&#8220;fixed&#8220; col_parallax_image_speed=&#8220;0.5&#8243; col_padding=&#8220;0&#8243; col_vertical_offset=&#8220;0&#8243; col_horizontal_offset=&#8220;0&#8243; col_custom_zindex=&#8220;0&#8243; col_sm=&#8220;6&#8243; simplified_controls=&#8220;yes&#8220; custom_css_percentage=&#8220;no&#8220; padding_vertical=&#8220;400&#8243; padding_horizontal=&#8220;0&#8243; margin_vertical=&#8220;0&#8243; custom_css=&#8220;margin-top: 0px;margin-bottom: 0px;&#8220; border_styling_global=&#8220;default&#8220; width=&#8220;1\/2&#8243; el_position=&#8220;first&#8220;] [spb_blank_spacer height=&#8220;30px&#8220; width=&#8220;1\/1&#8243; el_position=&#8220;first last&#8220;] [spb_text_block animation=&#8220;none&#8220; animation_delay=&#8220;0&#8243; simplified_controls=&#8220;yes&#8220; custom_css_percentage=&#8220;no&#8220; padding_vertical=&#8220;0&#8243; padding_horizontal=&#8220;0&#8243; margin_vertical=&#8220;0&#8243; custom_css=&#8220;margin-top: 0px;margin-bottom: 0px;&#8220; border_size=&#8220;0&#8243; border_styling_global=&#8220;default&#8220; width=&#8220;1\/1&#8243; el_position=&#8220;first last&#8220;]<\/p>\n<p class=\"impact-text-large\" style=\"text-align: center;\"><img decoding=\"async\" loading=\"lazy\" class=\"alignnone size-full wp-image-572\" src=\"https:\/\/www.flashline.eu\/wp-content\/uploads\/2019\/06\/Prana-logo.png\" alt=\"Prana Logo\" width=\"296\" height=\"98\" \/><\/p>\n<div class=\"horizontal-break bold\"> <\/div>\n<p>Die Geschichte von <strong>Prana<\/strong> begann 1992 in einer Garage an der kalifornischen K\u00fcste.<br \/>\nPamela und Beaver Theodosakis suchten einen Weg, vielseitige, <strong>stylische<\/strong> und <strong>nachhaltige Kleidung<\/strong> zu entwerfen. Aus den eigenen Bed\u00fcrfnissen heraus, wollten sie f\u00fcr sich und aktive Leute, die gerne Zeit in der Natur genie\u00dfen, bequeme Bekleidung schaffen.<br \/>\nDer Name Prana kommt urspr\u00fcnglich aus dem Sanskrit und steht f\u00fcr Atem, Leben und Vitalit\u00e4t des Geistes. F\u00fcr das Unternehmen ist es bis heute das Ziel, das sch\u00f6ne Design mit einer <strong>sozial<\/strong> und <strong>\u00f6kologisch<\/strong> <strong>nachhaltigen<\/strong> Organisation zu vereinen.<\/p>\n<p>Prana ist der <strong>erste<\/strong> <strong>gro\u00dfe Bekleidungshersteller Nordamerikas<\/strong> mit <strong>Fair Trade Zertifizierung<\/strong>. Seit Fr\u00fchling 2018 besteht die gesamte Kollektion aus <strong>100% Baumwolle<\/strong> aus <strong>kontrolliert biologischem Anbau<\/strong> (k.b.A.) und der Anteil an <strong>recycelten Materialien<\/strong> w\u00e4chst munter weiter. Damit ist Prana genau das Richtige f\u00fcr Kletterer, Yogis, Surfer und Naturliebhaber.<\/p>\n<p>[\/spb_text_block] [spb_icon_box box_type=&#8220;standard-title&#8220; box_icon_type=&#8220;icon&#8220; icon=&#8220;fab fa-facebook&#8220; animate_svg=&#8220;no&#8220; link=&#8220;http:\/\/facebook.com\/prana&#8220; target=&#8220;_blank&#8220; animation=&#8220;zoomIn&#8220; animation_delay=&#8220;200&#8243; animated_box_style=&#8220;coloured&#8220; animated_box_rounded=&#8220;yes&#8220; width=&#8220;1\/2&#8243; el_position=&#8220;first&#8220;]<\/p>\n<p><a href=\"http:\/\/facebook.com\/prana\" target=\"_blank\" rel=\"noopener noreferrer\">facebook.com\/prana<\/a><\/p>\n<p>[\/spb_icon_box] [spb_icon_box box_type=&#8220;standard-title&#8220; box_icon_type=&#8220;icon&#8220; icon=&#8220;fab fa-instagram&#8220; animate_svg=&#8220;no&#8220; link=&#8220;https:\/\/www.instagram.com\/prana\/?hl=en&#8220; target=&#8220;_blank&#8220; animation=&#8220;zoomIn&#8220; animation_delay=&#8220;200&#8243; animated_box_style=&#8220;coloured&#8220; animated_box_rounded=&#8220;yes&#8220; width=&#8220;1\/2&#8243; el_position=&#8220;last&#8220;]<\/p>\n<p><a href=\"https:\/\/www.instagram.com\/prana\/?hl=en\" target=\"_blank\" rel=\"noopener noreferrer\">instagram.com\/prana<\/a><\/p>\n<p>[\/spb_icon_box] [\/spb_column] [spb_column col_animation=&#8220;pulse&#8220; col_animation_delay=&#8220;0&#8243; col_bg_image=&#8220;446&#8243; col_bg_type=&#8220;cover&#8220; col_parallax_image_movement=&#8220;scroll&#8220; col_parallax_image_speed=&#8220;0.5&#8243; col_padding=&#8220;0&#8243; col_vertical_offset=&#8220;0&#8243; col_horizontal_offset=&#8220;0&#8243; col_custom_zindex=&#8220;0&#8243; col_sm=&#8220;6&#8243; simplified_controls=&#8220;yes&#8220; custom_css_percentage=&#8220;no&#8220; padding_vertical=&#8220;400&#8243; padding_horizontal=&#8220;0&#8243; margin_vertical=&#8220;0&#8243; custom_css=&#8220;margin-top: 0px;margin-bottom: 0px;&#8220; border_styling_global=&#8220;default&#8220; width=&#8220;1\/2&#8243; el_position=&#8220;last&#8220;] [spb_blank_spacer height=&#8220;480px&#8220; width=&#8220;1\/1&#8243; el_position=&#8220;first last&#8220;] [spb_button button_text=&#8220;ZUR PRANA WEBSITE&#8220; button_size=&#8220;large&#8220; button_colour=&#8220;accent&#8220; button_type=&#8220;standard&#8220; rounded=&#8220;yes&#8220; button_dropshadow=&#8220;no&#8220; button_icon=&#8220;sf-im-cursor-click2&#8243; button_link=&#8220;https:\/\/www.prana.com\/&#8220; button_target=&#8220;_blank&#8220; align=&#8220;center&#8220; animation=&#8220;tada&#8220; animation_delay=&#8220;2000&#8243; width=&#8220;1\/1&#8243; el_position=&#8220;first last&#8220;] [\/spb_column] [\/spb_row] [spb_row element_name=&#8220;Row&#8220; wrap_type=&#8220;full-width-contained&#8220; row_bg_type=&#8220;color&#8220; row_bg_color=&#8220;#ededed&#8220; color_row_height=&#8220;content-height&#8220; bg_type=&#8220;cover&#8220; parallax_image_height=&#8220;content-height&#8220; parallax_image_movement=&#8220;fixed&#8220; parallax_image_speed=&#8220;standard&#8220; bg_video_loop=&#8220;yes&#8220; parallax_video_height=&#8220;window-height&#8220; row_top_style=&#8220;slant-ltr&#8220; row_bottom_style=&#8220;none&#8220; parallax_video_overlay=&#8220;none&#8220; row_overlay_opacity=&#8220;15&#8243; remove_element_spacing=&#8220;no&#8220; row_col_spacing=&#8220;0&#8243; row_col_pos=&#8220;default&#8220; row_col_equal_heights=&#8220;yes&#8220; row_expanding=&#8220;no&#8220; row_animation=&#8220;none&#8220; row_animation_delay=&#8220;0&#8243; minimize_row=&#8220;no&#8220; simplified_controls=&#8220;yes&#8220; custom_css_percentage=&#8220;no&#8220; custom_css=&#8220;margin-top: 0px;margin-bottom: 0px;&#8220; border_styling_global=&#8220;default&#8220; width=&#8220;1\/1&#8243; el_position=&#8220;first last&#8220;] [spb_column col_animation=&#8220;none&#8220; col_animation_delay=&#8220;0&#8243; col_bg_type=&#8220;cover&#8220; col_parallax_image_movement=&#8220;fixed&#8220; col_parallax_image_speed=&#8220;0.5&#8243; col_padding=&#8220;0&#8243; col_vertical_offset=&#8220;0&#8243; col_horizontal_offset=&#8220;0&#8243; col_custom_zindex=&#8220;0&#8243; col_sm=&#8220;6&#8243; simplified_controls=&#8220;yes&#8220; custom_css_percentage=&#8220;no&#8220; padding_vertical=&#8220;400&#8243; padding_horizontal=&#8220;0&#8243; margin_vertical=&#8220;0&#8243; custom_css=&#8220;margin-top: 0px;margin-bottom: 0px;&#8220; border_styling_global=&#8220;default&#8220; width=&#8220;1\/2&#8243; el_position=&#8220;first&#8220;] [spb_blank_spacer height=&#8220;50px&#8220; width=&#8220;1\/1&#8243; el_position=&#8220;first last&#8220;] [spb_text_block animation=&#8220;none&#8220; animation_delay=&#8220;0&#8243; simplified_controls=&#8220;yes&#8220; custom_css_percentage=&#8220;no&#8220; padding_vertical=&#8220;0&#8243; padding_horizontal=&#8220;0&#8243; margin_vertical=&#8220;0&#8243; custom_css=&#8220;margin-top: 0px;margin-bottom: 0px;&#8220; border_size=&#8220;0&#8243; border_styling_global=&#8220;default&#8220; width=&#8220;1\/1&#8243; el_position=&#8220;first last&#8220;]<\/p>\n<p class=\"impact-text-large\" style=\"text-align: center;\"><img decoding=\"async\" loading=\"lazy\" class=\"alignnone size-medium wp-image-657\" src=\"https:\/\/www.flashline.eu\/wp-content\/uploads\/2019\/06\/so-ill-logo-1-300x69.png\" alt=\"So iLL Logo\" width=\"300\" height=\"69\" srcset=\"https:\/\/www.flashline.eu\/wp-content\/uploads\/2019\/06\/so-ill-logo-1-300x69.png 300w, https:\/\/www.flashline.eu\/wp-content\/uploads\/2019\/06\/so-ill-logo-1-768x176.png 768w, https:\/\/www.flashline.eu\/wp-content\/uploads\/2019\/06\/so-ill-logo-1-1024x234.png 1024w, https:\/\/www.flashline.eu\/wp-content\/uploads\/2019\/06\/so-ill-logo-1-1280x293.png 1280w, https:\/\/www.flashline.eu\/wp-content\/uploads\/2019\/06\/so-ill-logo-1-1000x229.png 1000w, https:\/\/www.flashline.eu\/wp-content\/uploads\/2019\/06\/so-ill-logo-1.png 2000w\" sizes=\"(max-width: 300px) 100vw, 300px\" \/><\/p>\n<div class=\"horizontal-break bold\"> <\/div>\n<p>12 Jahre sind vergangen seitdem David und Daniel sich dazu entschieden, alle Zweifel beiseite zu schieben und an das scheinbar Unm\u00f6gliche zu glauben. Auf der Veranda eines alten College Hauses begannen sie damit, die ersten<strong> So iLL Griffe<\/strong> zu shapen.<\/p>\n<p>Obwohl sich seitdem vieles ge\u00e4ndert hat, ist die <strong>Vision<\/strong> bis heute die Gleiche: Es geht nicht darum mit dem Strom zu schwimmen, sondern etwas <strong>Neues zu wagen<\/strong>!<\/p>\n<p>\u201eWe exist to empower, protect and inspire you on the journey. We will continue to explore the world of high design and responsible production to help constantly improve your experience indoors and out.\u201d (<strong>Daniel Chancellor)<\/strong><\/p>\n<p>[\/spb_text_block] [spb_icon_box box_type=&#8220;standard-title&#8220; box_icon_type=&#8220;icon&#8220; icon=&#8220;fab fa-facebook&#8220; animate_svg=&#8220;no&#8220; link=&#8220;http:\/\/facebook.com\/soill&#8220; target=&#8220;_blank&#8220; animation=&#8220;zoomIn&#8220; animation_delay=&#8220;200&#8243; animated_box_style=&#8220;coloured&#8220; animated_box_rounded=&#8220;yes&#8220; width=&#8220;1\/2&#8243; el_position=&#8220;first&#8220;]<\/p>\n<p><a href=\"https:\/\/www.facebook.com\/soill\/\" target=\"_blank\" rel=\"noopener noreferrer\">facebook.com\/soill<\/a><\/p>\n<p>[\/spb_icon_box] [spb_icon_box box_type=&#8220;standard-title&#8220; box_icon_type=&#8220;icon&#8220; icon=&#8220;fab fa-instagram&#8220; animate_svg=&#8220;no&#8220; link=&#8220;http:\/\/instagram.com\/soill&#8220; target=&#8220;_blank&#8220; animation=&#8220;zoomIn&#8220; animation_delay=&#8220;200&#8243; animated_box_style=&#8220;coloured&#8220; animated_box_rounded=&#8220;yes&#8220; width=&#8220;1\/2&#8243; el_position=&#8220;last&#8220;]<\/p>\n<p><a href=\"https:\/\/www.instagram.com\/soill\/?hl=de\" target=\"_blank\" rel=\"noopener noreferrer\">instagram.com\/soill<\/a><\/p>\n<p>[\/spb_icon_box] [\/spb_column] [spb_column col_animation=&#8220;pulse&#8220; col_animation_delay=&#8220;0&#8243; col_bg_image=&#8220;438&#8243; col_bg_type=&#8220;cover&#8220; col_parallax_image_movement=&#8220;scroll&#8220; col_parallax_image_speed=&#8220;0.5&#8243; col_padding=&#8220;0&#8243; col_vertical_offset=&#8220;0&#8243; col_horizontal_offset=&#8220;0&#8243; col_custom_zindex=&#8220;0&#8243; col_sm=&#8220;6&#8243; simplified_controls=&#8220;yes&#8220; custom_css_percentage=&#8220;no&#8220; padding_vertical=&#8220;400&#8243; padding_horizontal=&#8220;0&#8243; margin_vertical=&#8220;0&#8243; custom_css=&#8220;margin-top: 0px;margin-bottom: 0px;&#8220; border_styling_global=&#8220;default&#8220; width=&#8220;1\/2&#8243; el_position=&#8220;last&#8220;] [spb_blank_spacer height=&#8220;480px&#8220; width=&#8220;1\/1&#8243; el_position=&#8220;first last&#8220;] [spb_button button_text=&#8220;ZUR SO ILL WEBSITE&#8220; button_size=&#8220;large&#8220; button_colour=&#8220;accent&#8220; button_type=&#8220;standard&#8220; rounded=&#8220;yes&#8220; button_dropshadow=&#8220;no&#8220; button_icon=&#8220;sf-im-cursor-click2&#8243; button_link=&#8220;https:\/\/soillholds.com\/&#8220; button_target=&#8220;_blank&#8220; align=&#8220;center&#8220; animation=&#8220;tada&#8220; animation_delay=&#8220;2000&#8243; width=&#8220;1\/1&#8243; el_position=&#8220;first last&#8220;] [\/spb_column] [\/spb_row] [spb_row element_name=&#8220;Row&#8220; wrap_type=&#8220;full-width-contained&#8220; row_bg_type=&#8220;color&#8220; row_bg_color=&#8220;#ededed&#8220; color_row_height=&#8220;content-height&#8220; bg_type=&#8220;cover&#8220; parallax_image_height=&#8220;content-height&#8220; parallax_image_movement=&#8220;fixed&#8220; parallax_image_speed=&#8220;standard&#8220; bg_video_loop=&#8220;yes&#8220; parallax_video_height=&#8220;window-height&#8220; row_top_style=&#8220;none&#8220; row_bottom_style=&#8220;none&#8220; parallax_video_overlay=&#8220;none&#8220; row_overlay_opacity=&#8220;15&#8243; remove_element_spacing=&#8220;no&#8220; row_col_spacing=&#8220;0&#8243; row_col_pos=&#8220;default&#8220; row_col_equal_heights=&#8220;yes&#8220; row_expanding=&#8220;no&#8220; row_animation=&#8220;none&#8220; row_animation_delay=&#8220;0&#8243; minimize_row=&#8220;no&#8220; simplified_controls=&#8220;yes&#8220; custom_css_percentage=&#8220;no&#8220; custom_css=&#8220;margin-top: 0px;margin-bottom: 0px;&#8220; border_styling_global=&#8220;default&#8220; width=&#8220;1\/1&#8243; el_position=&#8220;first last&#8220;] [spb_blank_spacer height=&#8220;40px&#8220; width=&#8220;1\/1&#8243; el_position=&#8220;first last&#8220;] [\/spb_row]<\/p>\n","protected":false},"excerpt":{"rendered":"<p>[spb_blank_spacer height=&#8220;30px&#8220; width=&#8220;1\/1&#8243; el_position=&#8220;first last&#8220;] [spb_row element_name=&#8220;Row &#8211; Prana Mobile Ansicht (Bild rechts\/unten)&#8220; wrap_type=&#8220;standard-width&#8220; row_bg_type=&#8220;color&#8220; color_row_height=&#8220;content-height&#8220; bg_type=&#8220;cover&#8220; parallax_image_height=&#8220;content-height&#8220; parallax_image_movement=&#8220;fixed&#8220; parallax_image_speed=&#8220;standard&#8220; bg_video_loop=&#8220;yes&#8220; parallax_video_height=&#8220;window-height&#8220; row_responsive_vis=&#8220;hidden-lg_hidden-md_hidden-sm&#8220; row_top_style=&#8220;none&#8220; row_bottom_style=&#8220;none&#8220; parallax_video_overlay=&#8220;none&#8220; row_overlay_opacity=&#8220;0&#8243; remove_element_spacing=&#8220;no&#8220; row_col_spacing=&#8220;0&#8243; row_col_pos=&#8220;default&#8220; row_col_equal_heights=&#8220;no&#8220; row_expanding=&#8220;no&#8220; row_animation=&#8220;none&#8220; row_animation_delay=&#8220;0&#8243; minimize_row=&#8220;yes&#8220; simplified_controls=&#8220;yes&#8220; custom_css_percentage=&#8220;no&#8220; custom_css=&#8220;margin-top: 0px;margin-bottom: 0px;&#8220; border_styling_global=&#8220;default&#8220; width=&#8220;1\/1&#8243; el_position=&#8220;first last&#8220;] [spb_column col_animation=&#8220;none&#8220; col_animation_delay=&#8220;0&#8243; col_bg_type=&#8220;cover&#8220; col_parallax_image_movement=&#8220;fixed&#8220; col_parallax_image_speed=&#8220;0.5&#8243; col_padding=&#8220;0&#8243; col_vertical_offset=&#8220;0&#8243; col_horizontal_offset=&#8220;0&#8243; col_custom_zindex=&#8220;0&#8243; col_sm=&#8220;6&#8243; simplified_controls=&#8220;yes&#8220; custom_css_percentage=&#8220;no&#8220; padding_vertical=&#8220;400&#8243; padding_horizontal=&#8220;0&#8243; margin_vertical=&#8220;0&#8243; [&hellip;]<\/p>\n","protected":false},"author":1,"featured_media":0,"parent":0,"menu_order":0,"comment_status":"closed","ping_status":"closed","template":"","meta":[],"_links":{"self":[{"href":"https:\/\/www.flashline.eu\/index.php\/wp-json\/wp\/v2\/pages\/434"}],"collection":[{"href":"https:\/\/www.flashline.eu\/index.php\/wp-json\/wp\/v2\/pages"}],"about":[{"href":"https:\/\/www.flashline.eu\/index.php\/wp-json\/wp\/v2\/types\/page"}],"author":[{"embeddable":true,"href":"https:\/\/www.flashline.eu\/index.php\/wp-json\/wp\/v2\/users\/1"}],"replies":[{"embeddable":true,"href":"https:\/\/www.flashline.eu\/index.php\/wp-json\/wp\/v2\/comments?post=434"}],"version-history":[{"count":2,"href":"https:\/\/www.flashline.eu\/index.php\/wp-json\/wp\/v2\/pages\/434\/revisions"}],"predecessor-version":[{"id":1471,"href":"https:\/\/www.flashline.eu\/index.php\/wp-json\/wp\/v2\/pages\/434\/revisions\/1471"}],"wp:attachment":[{"href":"https:\/\/www.flashline.eu\/index.php\/wp-json\/wp\/v2\/media?parent=434"}],"curies":[{"name":"wp","href":"https:\/\/api.w.org\/{rel}","templated":true}]}}